{"id":77,"date":"2019-10-30T17:43:29","date_gmt":"2019-10-30T17:43:29","guid":{"rendered":"http:\/\/zanellajasper.com.br\/hotel\/?page_id=77"},"modified":"2020-08-04T12:23:10","modified_gmt":"2020-08-04T12:23:10","slug":"sobre-nos","status":"publish","type":"page","link":"http:\/\/zanellajasper.com.br\/hotel\/sobre-nos\/","title":{"rendered":"Sobre N\u00f3s"},"content":{"rendered":"<div id='av_section_1'  class='avia-section main_color avia-section-default avia-no-border-styling  avia-full-stretch av-section-color-overlay-active avia-bg-style-fixed  avia-builder-el-0  el_before_av_one_full  avia-builder-el-first   av-minimum-height av-minimum-height-50  container_wrap fullsize' style='background-repeat: no-repeat; background-image: url(http:\/\/zanellajasper.com.br\/hotel\/wp-content\/uploads\/2020\/05\/93683529-3265393370177627-1541004488796536832-o.jpg);background-attachment: fixed; background-position: center center;  '  data-section-bg-repeat='stretch' data-av_minimum_height_pc='50'><div class='av-section-color-overlay-wrap'><div class='av-section-color-overlay' style='opacity: 0.5; background-color: #0a0a0a; '><\/div><div class='container' ><main  role=\"main\" itemprop=\"mainContentOfPage\"  class='template-page content  av-content-full alpha units'><div class='post-entry post-entry-type-page post-entry-77'><div class='entry-content-wrapper clearfix'>\n<section class=\"av_textblock_section \"  itemscope=\"itemscope\" itemtype=\"https:\/\/schema.org\/CreativeWork\" ><div class='avia_textblock  av_inherit_color '  style='color:#ffffff; '  itemprop=\"text\" ><blockquote>\n<h1>SOBRE N\u00d3S<\/h1>\n<\/blockquote>\n<\/div><\/section>\n<\/div><\/div><\/main><!-- close content main element --><\/div><\/div><\/div><div id='after_section_1'  class='main_color av_default_container_wrap container_wrap fullsize' style=' '  ><div class='container' ><div class='template-page content  av-content-full alpha units'><div class='post-entry post-entry-type-page post-entry-77'><div class='entry-content-wrapper clearfix'>\n<div class=\"flex_column av_one_full  flex_column_div av-zero-column-padding first  avia-builder-el-2  el_after_av_section  avia-builder-el-no-sibling  \" style='border-radius:0px; '><p><div  style='padding-bottom:10px; ' class='av-special-heading av-special-heading-h2  blockquote modern-quote  avia-builder-el-3  el_before_av_textblock  avia-builder-el-first  '><h2 class='av-special-heading-tag '  itemprop=\"headline\"  >HOTEL ZANELLA JASPER<\/h2><div class='special-heading-border'><div class='special-heading-inner-border' ><\/div><\/div><\/div><br \/>\n<section class=\"av_textblock_section \"  itemscope=\"itemscope\" itemtype=\"https:\/\/schema.org\/CreativeWork\" ><div class='avia_textblock  '  style='font-size:15px; '  itemprop=\"text\" ><section class=\"av_textblock_section \">\n<div class=\"avia_textblock av_inherit_color \">\n<p style=\"text-align: justify;\">O Hotel Zanella Jasper atua na hotelaria h\u00e1 mais de seis anos. O hotel foi inaugurado em 2013, na cidade de Araquari. Refer\u00eancia no mercado hoteleiro, apresentamos qualidade de servi\u00e7o e comprometimento com o bem-estar de nossos h\u00f3spedes.<\/p>\n<p style=\"text-align: justify;\">Seja para neg\u00f3cios ou f\u00e9rias, o Hotel Zanella Jasper possui excelente atendimento e comodidade. Nossas estruturas s\u00e3o completas com o que voc\u00ea mais precisa. Nossa unidade conta com internet Wi-Fi, sala de jogos, academia, loja de conveni\u00eancia e caf\u00e9 da manh\u00e3.<\/p>\n<p style=\"text-align: justify;\">Com localiza\u00e7\u00e3o privilegiada, voc\u00ea de aproveitar tudo que Araquari pode te oferecer, nosso Hotel est\u00e1 pr\u00f3ximo das belas cidades tur\u00edsticas de Santa Catarina Joinville e S\u00e3o Francisco do Sul.<\/p>\n<p style=\"text-align: justify;\">Hotel Zanella Jasper, a op\u00e7\u00e3o certa de hospedagem em Araquari.<\/p>\n<\/div>\n<\/section>\n<div class=\"hr hr-invisible avia-builder-el-11 el_after_av_textblock el_before_av_button \"><\/div>\n<\/div><\/section><\/p><\/div>\n","protected":false},"excerpt":{"rendered":"","protected":false},"author":3,"featured_media":0,"parent":0,"menu_order":0,"comment_status":"closed","ping_status":"closed","template":"","meta":[],"_links":{"self":[{"href":"http:\/\/zanellajasper.com.br\/hotel\/wp-json\/wp\/v2\/pages\/77"}],"collection":[{"href":"http:\/\/zanellajasper.com.br\/hotel\/wp-json\/wp\/v2\/pages"}],"about":[{"href":"http:\/\/zanellajasper.com.br\/hotel\/wp-json\/wp\/v2\/types\/page"}],"author":[{"embeddable":true,"href":"http:\/\/zanellajasper.com.br\/hotel\/wp-json\/wp\/v2\/users\/3"}],"replies":[{"embeddable":true,"href":"http:\/\/zanellajasper.com.br\/hotel\/wp-json\/wp\/v2\/comments?post=77"}],"version-history":[{"count":33,"href":"http:\/\/zanellajasper.com.br\/hotel\/wp-json\/wp\/v2\/pages\/77\/revisions"}],"predecessor-version":[{"id":654,"href":"http:\/\/zanellajasper.com.br\/hotel\/wp-json\/wp\/v2\/pages\/77\/revisions\/654"}],"wp:attachment":[{"href":"http:\/\/zanellajasper.com.br\/hotel\/wp-json\/wp\/v2\/media?parent=77"}],"curies":[{"name":"wp","href":"https:\/\/api.w.org\/{rel}","templated":true}]}}